{"id":4797,"date":"2025-03-18T11:07:24","date_gmt":"2025-03-18T10:07:24","guid":{"rendered":"https:\/\/firkusny.cz\/?page_id=4797"},"modified":"2026-03-19T11:10:24","modified_gmt":"2026-03-19T10:10:24","slug":"home-page-2025","status":"publish","type":"page","link":"https:\/\/firkusny.cz\/en\/","title":{"rendered":"Home page 2025"},"content":{"rendered":"\n<div style=\"height:57px\" aria-hidden=\"true\" class=\"wp-block-spacer\"><\/div>\n\n\n\n<div class=\"banner\">\n    \n        <div class=\"banner__carousel owl-carousel owl-theme banner__carousel--only-slide\">\n\n            \n                <div class=\"banner__carousel-item item banner-jQzvqgJz7S\">\n                                            <div class=\"banner__picture-wrapper\">\n                          <picture class=\"banner__picture\">\n                                                                <source media=\"(max-width: 480px)\" srcset=\"https:\/\/firkusny.cz\/wp-content\/uploads\/2026\/03\/Firkusny-HP-Banner-Mobil-960x1128-2.png\">\n                                                                                              <source media=\"(min-width: 481px) and (max-width: 1150px)\" srcset=\"https:\/\/firkusny.cz\/wp-content\/uploads\/2026\/03\/Firkusny-HP-Banner-Tablet-1150x720-2.png\">\n                                                                                              <source media=\"(min-width: 1151px)\" srcset=\"https:\/\/firkusny.cz\/wp-content\/uploads\/2026\/03\/Firkusny-HP-Banner-Desktop-1920x720-3.png\">\n                                                            <img decoding=\"async\" src=\"https:\/\/firkusny.cz\/wp-content\/uploads\/2026\/03\/Firkusny-HP-Banner-Desktop-1920x720-3.png\" alt=\"Banner Image\" class=\"banner__background-image\">\n                          <\/picture>\n                        <\/div>\n                                        <div class=\"container\">\n                        <div class=\"banner__wrapper banner__wrapper--align-center\">\n                            <div class=\"banner__content\">\n                                                                    <div class=\"banner__text\">\n                                        <h1>Rudolf Firku\u0161n\u00fd<br \/>\nPiano Festival 2026<\/h1>\n<p>14th year<\/p>\n<p>3\u20139 November 2026<\/p>\n                                    <\/div>\n                                                                    <a href=\"https:\/\/firkusny.cz\/en\/programme\/\" target=\"\" class=\"banner__button btn btn--white\">ticket sales have begun<\/a>\n                                                            <\/div>\n                        <\/div>\n                    <\/div>\n                <\/div>\n                    <\/div>\n    <\/div>\n\n\n    <div class=\"spacing spacing--Z8Dzg9PN1n\">\n        <style>\n                        .spacing--Z8Dzg9PN1n {\n                height: 50px;\n            }\n                                                            <!--            -->\/*            @media screen and (min-width: 1360px){*\/\n\/*                .spacing--*\/\/*{*\/\n\/*                    height: *\/\/*px;*\/\n\/*                }*\/\n\/*            }*\/\n\/*            *\/        <\/style>\n    <\/div>\n\n\n\n<div class=\"selected-events\">\n    <div class=\"container\">\n                    <div class=\"selected-events__title-wrapper\">\n                <div class=\"selected-events__title selected-events__title--small-margin\">\n                    <h2 class=\"selected-events__heading\">Programme 2026<\/h2>\n                <\/div>\n                                    <a href=\"https:\/\/firkusny.cz\/en\/koncerty\/\" target=\"\"\n                       class=\"selected-events__top-link btn-link\">Programme<\/a>\n                            <\/div>\n        \n                                <div class=\"selected-events__wrapper\">\n                <div class=\"selected-events__row--grid row\">\n                    \n<div class=\"event-item selected-events__col col-md-6 col-lg-4 col-xl-3\" data-cat=\"\">\n    <div class=\"event-item__wrapper\">\n        <a href=\"https:\/\/firkusny.cz\/en\/programme\/jevgenij-kissin-sir-andras-schiff-3-11-2026\/\" class=\"event-item__image-link event-item__more-link--no-underline btn-link\" title=\"Evgeny Kissin &amp; Sir Andr\u00e1s Schiff\">\n              <div class=\"event-item__image\">\n                  <img loading=\"lazy\" decoding=\"async\" width=\"488\" height=\"272\" src=\"https:\/\/firkusny.cz\/wp-content\/uploads\/fly-images\/5174\/kissin-schiff_610x340-488x272-c.jpg\" class=\"event-item__img\" alt=\"kissin-schiff_610x340\" \/>                                <\/div>\n                                <div class=\"event-item__title-wrapper\">\n                      <h6 class=\"event-item__title\">Evgeny Kissin &amp; Sir Andr\u00e1s Schiff<\/h6>\n                  <\/div>\n                      <\/a>\n        <div class=\"event-item__content\">\n            <div class=\"event-item__general-info\">\n                                    <span class=\"event-item__date\">\n                            <span class=\"event-item__date-day\">3<\/span><span\n                                class=\"event-item__date-divider\">\/<\/span><span\n                                class=\"event-item__date-month\">11<\/span>\n                                                        <\/span>\n                                                    <span class=\"event-item__day\">Tuesday 19:30<\/span>\n                                                    <span class=\"event-item__place\">Rudolfinum \u2013 Dvo\u0159\u00e1k Hall<\/span>\n                            <\/div>\n            <div class=\"event-item__desc\">\n                <p class=\"event-item__interprets\">Two legends united on one stage in works by the great masters of the international and Czech repertoire.<\/p>\n            <\/div>\n                        <div class=\"event-item__more\">\n                <a href=\"https:\/\/firkusny.cz\/en\/programme\/jevgenij-kissin-sir-andras-schiff-3-11-2026\/\" target=\"_self\"\n                   class=\"event-item__more-link btn-link\">More information<\/a>\n            <\/div>\n            <div class=\"event-item__buy\">\n                <a href=\"https:\/\/festival.enigoo.cz\/app\/tickets\/events\/1027?lang=en\" class=\"event__buy-btn btn btn--outline-dark\">Buy tickets<\/a>            <\/div>\n        <\/div>\n    <\/div>\n<\/div>\n\n<div class=\"event-item selected-events__col col-md-6 col-lg-4 col-xl-3\" data-cat=\"\">\n    <div class=\"event-item__wrapper\">\n        <a href=\"https:\/\/firkusny.cz\/en\/programme\/lukas-sternath-5-11-2026\/\" class=\"event-item__image-link event-item__more-link--no-underline btn-link\" title=\"Lukas Sternath\">\n              <div class=\"event-item__image\">\n                  <img loading=\"lazy\" decoding=\"async\" width=\"488\" height=\"272\" src=\"https:\/\/firkusny.cz\/wp-content\/uploads\/fly-images\/5186\/Sternath_610x340-488x272-c.jpg\" class=\"event-item__img\" alt=\"Sternath_610x340\" \/>                                <\/div>\n                                <div class=\"event-item__title-wrapper\">\n                      <h6 class=\"event-item__title\">Lukas Sternath<\/h6>\n                  <\/div>\n                      <\/a>\n        <div class=\"event-item__content\">\n            <div class=\"event-item__general-info\">\n                                    <span class=\"event-item__date\">\n                            <span class=\"event-item__date-day\">5<\/span><span\n                                class=\"event-item__date-divider\">\/<\/span><span\n                                class=\"event-item__date-month\">11<\/span>\n                                                        <\/span>\n                                                    <span class=\"event-item__day\">Thursday 19:30<\/span>\n                                                    <span class=\"event-item__place\">Rudolfinum \u2013 Dvo\u0159\u00e1k Hall<\/span>\n                            <\/div>\n            <div class=\"event-item__desc\">\n                <p class=\"event-item__interprets\">A romantic journey into the inner landscapes of Liszt and Schubert with one of the piano\u2019s brightest rising stars.<\/p>\n            <\/div>\n                        <div class=\"event-item__more\">\n                <a href=\"https:\/\/firkusny.cz\/en\/programme\/lukas-sternath-5-11-2026\/\" target=\"_self\"\n                   class=\"event-item__more-link btn-link\">More information<\/a>\n            <\/div>\n            <div class=\"event-item__buy\">\n                <a href=\"https:\/\/festival.enigoo.cz\/app\/tickets\/events\/1028?lang=en\" class=\"event__buy-btn btn btn--outline-dark\">Buy tickets<\/a>            <\/div>\n        <\/div>\n    <\/div>\n<\/div>\n\n<div class=\"event-item selected-events__col col-md-6 col-lg-4 col-xl-3\" data-cat=\"\">\n    <div class=\"event-item__wrapper\">\n        <a href=\"https:\/\/firkusny.cz\/en\/programme\/marek-kozak-6-11-2026\/\" class=\"event-item__image-link event-item__more-link--no-underline btn-link\" title=\"Marek Koz\u00e1k\">\n              <div class=\"event-item__image\">\n                  <img loading=\"lazy\" decoding=\"async\" width=\"488\" height=\"272\" src=\"https:\/\/firkusny.cz\/wp-content\/uploads\/fly-images\/5178\/Kozak_610x340-488x272-c.jpg\" class=\"event-item__img\" alt=\"Kozak_610x340\" \/>                                <\/div>\n                                <div class=\"event-item__title-wrapper\">\n                      <h6 class=\"event-item__title\">Marek Koz\u00e1k<\/h6>\n                  <\/div>\n                      <\/a>\n        <div class=\"event-item__content\">\n            <div class=\"event-item__general-info\">\n                                    <span class=\"event-item__date\">\n                            <span class=\"event-item__date-day\">6<\/span><span\n                                class=\"event-item__date-divider\">\/<\/span><span\n                                class=\"event-item__date-month\">11<\/span>\n                                                        <\/span>\n                                                    <span class=\"event-item__day\">Friday 19:30<\/span>\n                                                    <span class=\"event-item__place\">Rudolfinum \u2013 Dvo\u0159\u00e1k Hall<\/span>\n                            <\/div>\n            <div class=\"event-item__desc\">\n                <p class=\"event-item__interprets\">A dancing soir\u00e9e with one of today\u2019s most compelling Czech pianists.<\/p>\n            <\/div>\n                        <div class=\"event-item__more\">\n                <a href=\"https:\/\/firkusny.cz\/en\/programme\/marek-kozak-6-11-2026\/\" target=\"_self\"\n                   class=\"event-item__more-link btn-link\">More information<\/a>\n            <\/div>\n            <div class=\"event-item__buy\">\n                <a href=\"https:\/\/festival.enigoo.cz\/app\/tickets\/events\/1029?lang=en\" class=\"event__buy-btn btn btn--outline-dark\">Buy tickets<\/a>            <\/div>\n        <\/div>\n    <\/div>\n<\/div>\n\n<div class=\"event-item selected-events__col col-md-6 col-lg-4 col-xl-3\" data-cat=\"\">\n    <div class=\"event-item__wrapper\">\n        <a href=\"https:\/\/firkusny.cz\/en\/programme\/anna-vinnickaya-7-11-2026\/\" class=\"event-item__image-link event-item__more-link--no-underline btn-link\" title=\"Anna Vinnitskaya\">\n              <div class=\"event-item__image\">\n                  <img loading=\"lazy\" decoding=\"async\" width=\"488\" height=\"272\" src=\"https:\/\/firkusny.cz\/wp-content\/uploads\/fly-images\/5190\/Vinnickaja_610x340-488x272-c.jpg\" class=\"event-item__img\" alt=\"Vinnickaja_610x340\" \/>                                <\/div>\n                                <div class=\"event-item__title-wrapper\">\n                      <h6 class=\"event-item__title\">Anna Vinnitskaya<\/h6>\n                  <\/div>\n                      <\/a>\n        <div class=\"event-item__content\">\n            <div class=\"event-item__general-info\">\n                                    <span class=\"event-item__date\">\n                            <span class=\"event-item__date-day\">7<\/span><span\n                                class=\"event-item__date-divider\">\/<\/span><span\n                                class=\"event-item__date-month\">11<\/span>\n                                                        <\/span>\n                                                    <span class=\"event-item__day\">Saturday 19:30<\/span>\n                                                    <span class=\"event-item__place\">Rudolfinum \u2013 Dvo\u0159\u00e1k Hall<\/span>\n                            <\/div>\n            <div class=\"event-item__desc\">\n                <p class=\"event-item__interprets\">Chopin you would wish to take with you to a desert island.<\/p>\n            <\/div>\n                        <div class=\"event-item__more\">\n                <a href=\"https:\/\/firkusny.cz\/en\/programme\/anna-vinnickaya-7-11-2026\/\" target=\"_self\"\n                   class=\"event-item__more-link btn-link\">More information<\/a>\n            <\/div>\n            <div class=\"event-item__buy\">\n                <a href=\"https:\/\/festival.enigoo.cz\/app\/tickets\/events\/1030?lang=en\" class=\"event__buy-btn btn btn--outline-dark\">Buy tickets<\/a>            <\/div>\n        <\/div>\n    <\/div>\n<\/div>\n\n<div class=\"event-item selected-events__col col-md-6 col-lg-4 col-xl-3\" data-cat=\"\">\n    <div class=\"event-item__wrapper\">\n        <a href=\"https:\/\/firkusny.cz\/en\/programme\/grigorij-sokolov-9-11-2026\/\" class=\"event-item__image-link event-item__more-link--no-underline btn-link\" title=\"Grigory Sokolov\">\n              <div class=\"event-item__image\">\n                  <img loading=\"lazy\" decoding=\"async\" width=\"488\" height=\"272\" src=\"https:\/\/firkusny.cz\/wp-content\/uploads\/fly-images\/5182\/Sokolov_610x340-488x272-c.jpg\" class=\"event-item__img\" alt=\"Sokolov_610x340\" \/>                                <\/div>\n                                <div class=\"event-item__title-wrapper\">\n                      <h6 class=\"event-item__title\">Grigory Sokolov<\/h6>\n                  <\/div>\n                      <\/a>\n        <div class=\"event-item__content\">\n            <div class=\"event-item__general-info\">\n                                    <span class=\"event-item__date\">\n                            <span class=\"event-item__date-day\">9<\/span><span\n                                class=\"event-item__date-divider\">\/<\/span><span\n                                class=\"event-item__date-month\">11<\/span>\n                                                        <\/span>\n                                                    <span class=\"event-item__day\">Monday 19:30<\/span>\n                                                    <span class=\"event-item__place\">Rudolfinum \u2013 Dvo\u0159\u00e1k Hall<\/span>\n                            <\/div>\n            <div class=\"event-item__desc\">\n                <p class=\"event-item__interprets\">A pianist whose concerts become a kind of mystical rite, laying bare the very soul of the piano.<\/p>\n            <\/div>\n                        <div class=\"event-item__more\">\n                <a href=\"https:\/\/firkusny.cz\/en\/programme\/grigorij-sokolov-9-11-2026\/\" target=\"_self\"\n                   class=\"event-item__more-link btn-link\">More information<\/a>\n            <\/div>\n            <div class=\"event-item__buy\">\n                <a href=\"https:\/\/festival.enigoo.cz\/app\/tickets\/events\/1031?lang=en\" class=\"event__buy-btn btn btn--outline-dark\">Buy tickets<\/a>            <\/div>\n        <\/div>\n    <\/div>\n<\/div>\n                <\/div>\n            <\/div>\n        \n            <\/div>\n<\/div>\n\n\n    <div class=\"spacing spacing--J1xAcneYp4\">\n        <style>\n                        .spacing--J1xAcneYp4 {\n                height: 20px;\n            }\n                                                @media screen and (min-width: 768px){\n                .spacing--J1xAcneYp4{\n                    height: 40px;\n                }\n            }\n                                    <!--            -->\/*            @media screen and (min-width: 1360px){*\/\n\/*                .spacing--*\/\/*{*\/\n\/*                    height: *\/\/*px;*\/\n\/*                }*\/\n\/*            }*\/\n\/*            *\/        <\/style>\n    <\/div>\n\n\n\n<div class=\"news\">\n    <div class=\"container\">\n        <div class=\"news__wrapper\">\n                            <div class=\"news__title-wrapper\">\n                                            <h2 class=\"news__title\">\n                            News                        <\/h2>\n                                                                <a href=\"https:\/\/firkusny.cz\/en\/news\/\" class=\"d-none d-md-block btn-link news__more\"\n                           target=\"\">\n                            Show all                        <\/a>\n                                    <\/div>\n                                        <div class=\"row\">\n                                            <div class=\"col-md-6 col-lg-4\">\n                            \r\n<div class=\"news__item\">\r\n    <div class=\"news__item-wrapper\">\r\n        <div class=\"news__item-image\">\r\n            <a href=\"https:\/\/firkusny.cz\/en\/prague-spring-announces-the-programm-of-the-rudolf-firkusny-piano-festival-2026\/\" class=\"news__item-image-link\">\r\n                <img loading=\"lazy\" decoding=\"async\" width=\"420\" height=\"240\" src=\"https:\/\/firkusny.cz\/wp-content\/uploads\/fly-images\/5317\/kissin-schiff_1920x720-2-420x240-c.jpg\" class=\"news__item-img\" alt=\"Kissin Schiff 1920x720\" \/>            <\/a>\r\n        <\/div>\r\n        <div class=\"news__item-content\">\r\n            <span class=\"news__item-date\">18\/03\/2026<\/span>\r\n            <h4 class=\"news__item-title\">\r\n                <a class=\"news__item-title-link\" href=\"https:\/\/firkusny.cz\/en\/prague-spring-announces-the-programm-of-the-rudolf-firkusny-piano-festival-2026\/\">Prague Spring announces the programme of the Rudolf Firku\u0161n\u00fd Piano Festival 2026<\/a>\r\n            <\/h4>\r\n            <a href=\"https:\/\/firkusny.cz\/en\/prague-spring-announces-the-programm-of-the-rudolf-firkusny-piano-festival-2026\/\" class=\"btn-link news__item-link\">P\u0159e\u010d\u00edst<\/a>\r\n        <\/div>\r\n    <\/div>\r\n<\/div>                        <\/div>\n                                            <div class=\"col-md-6 col-lg-4\">\n                            \r\n<div class=\"news__item\">\r\n    <div class=\"news__item-wrapper\">\r\n        <div class=\"news__item-image\">\r\n            <a href=\"https:\/\/firkusny.cz\/en\/are-you-a-fan-of-black-and-white-keys-check-out-our-tips-for-piano-concerts-at-the-prague-spring-2026\/\" class=\"news__item-image-link\">\r\n                <img loading=\"lazy\" decoding=\"async\" width=\"420\" height=\"240\" src=\"https:\/\/firkusny.cz\/wp-content\/uploads\/fly-images\/5009\/1280x732_aktu-klavirnaPJ26-420x240-c.png\" class=\"news__item-img\" alt=\"1280x732_aktu-klavirnaPJ26\" \/>            <\/a>\r\n        <\/div>\r\n        <div class=\"news__item-content\">\r\n            <span class=\"news__item-date\">19\/11\/2025<\/span>\r\n            <h4 class=\"news__item-title\">\r\n                <a class=\"news__item-title-link\" href=\"https:\/\/firkusny.cz\/en\/are-you-a-fan-of-black-and-white-keys-check-out-our-tips-for-piano-concerts-at-the-prague-spring-2026\/\">Are you a fan of black and white keys? Check out our tips for piano concerts at the Prague Spring 2026<\/a>\r\n            <\/h4>\r\n            <a href=\"https:\/\/firkusny.cz\/en\/are-you-a-fan-of-black-and-white-keys-check-out-our-tips-for-piano-concerts-at-the-prague-spring-2026\/\" class=\"btn-link news__item-link\">P\u0159e\u010d\u00edst<\/a>\r\n        <\/div>\r\n    <\/div>\r\n<\/div>                        <\/div>\n                                            <div class=\"col-md-6 col-lg-4\">\n                            \r\n<div class=\"news__item\">\r\n    <div class=\"news__item-wrapper\">\r\n        <div class=\"news__item-image\">\r\n            <a href=\"https:\/\/firkusny.cz\/en\/an-interest-in-the-rudolf-firkusny-piano-festival-was-once-again-record-breaking-with-concert-halls-filled-to-almost-100-capacity\/\" class=\"news__item-image-link\">\r\n                <img loading=\"lazy\" decoding=\"async\" width=\"420\" height=\"240\" src=\"https:\/\/firkusny.cz\/wp-content\/uploads\/fly-images\/5005\/1280x732_aktu-FRFdekujeme-420x240-c.png\" class=\"news__item-img\" alt=\"1280x732_aktu-FRFdekujeme\" \/>            <\/a>\r\n        <\/div>\r\n        <div class=\"news__item-content\">\r\n            <span class=\"news__item-date\">19\/11\/2025<\/span>\r\n            <h4 class=\"news__item-title\">\r\n                <a class=\"news__item-title-link\" href=\"https:\/\/firkusny.cz\/en\/an-interest-in-the-rudolf-firkusny-piano-festival-was-once-again-record-breaking-with-concert-halls-filled-to-almost-100-capacity\/\">An interest in the Rudolf Firku\u0161n\u00fd Piano Festival was once again record-breaking, with concert halls filled to almost 100% capacity<\/a>\r\n            <\/h4>\r\n            <a href=\"https:\/\/firkusny.cz\/en\/an-interest-in-the-rudolf-firkusny-piano-festival-was-once-again-record-breaking-with-concert-halls-filled-to-almost-100-capacity\/\" class=\"btn-link news__item-link\">P\u0159e\u010d\u00edst<\/a>\r\n        <\/div>\r\n    <\/div>\r\n<\/div>                        <\/div>\n                                    <\/div>\n                                            <div class=\"news__more\">\n                    <a href=\"https:\/\/firkusny.cz\/en\/news\/\" class=\"d-block d-md-none btn-link news__more\"\n                       target=\"\">\n                        Show all                    <\/a>\n                <\/div>\n                    <\/div>\n    <\/div>\n<\/div>\n\n\n","protected":false},"excerpt":{"rendered":"","protected":false},"author":6,"featured_media":0,"parent":0,"menu_order":0,"comment_status":"closed","ping_status":"closed","template":"","meta":{"footnotes":""},"class_list":["post-4797","page","type-page","status-publish","hentry"],"acf":[],"_links":{"self":[{"href":"https:\/\/firkusny.cz\/en\/wp-json\/wp\/v2\/pages\/4797","targetHints":{"allow":["GET"]}}],"collection":[{"href":"https:\/\/firkusny.cz\/en\/wp-json\/wp\/v2\/pages"}],"about":[{"href":"https:\/\/firkusny.cz\/en\/wp-json\/wp\/v2\/types\/page"}],"author":[{"embeddable":true,"href":"https:\/\/firkusny.cz\/en\/wp-json\/wp\/v2\/users\/6"}],"replies":[{"embeddable":true,"href":"https:\/\/firkusny.cz\/en\/wp-json\/wp\/v2\/comments?post=4797"}],"version-history":[{"count":45,"href":"https:\/\/firkusny.cz\/en\/wp-json\/wp\/v2\/pages\/4797\/revisions"}],"predecessor-version":[{"id":5425,"href":"https:\/\/firkusny.cz\/en\/wp-json\/wp\/v2\/pages\/4797\/revisions\/5425"}],"wp:attachment":[{"href":"https:\/\/firkusny.cz\/en\/wp-json\/wp\/v2\/media?parent=4797"}],"curies":[{"name":"wp","href":"https:\/\/api.w.org\/{rel}","templated":true}]}}