{"id":808,"date":"2021-06-08T09:54:51","date_gmt":"2021-06-08T07:54:51","guid":{"rendered":"https:\/\/firkusny.cz\/?page_id=808"},"modified":"2025-03-13T11:19:08","modified_gmt":"2025-03-13T10:19:08","slug":"hlavni-strana","status":"publish","type":"page","link":"https:\/\/firkusny.cz\/en\/hlavni-strana\/","title":{"rendered":"Hlavn\u00ed strana"},"content":{"rendered":"  <div class=\"banner banner--video banner--black\">\n    <div class=\"container banner__container-wide\">\n      <div class=\"banner__video-content-wrapper banner-UqyXEy5DvI banner__video-content-wrapper--bg-overlay banner__video-content-wrapper--gradient\">\n        <div class=\"banner__video-wrapper\">\n                        <video class=\"banner__video\" src=\"https:\/\/firkusny.cz\/wp-content\/uploads\/2024\/11\/Firkusny_24_Dekujeme_V2.mp4\" autoplay muted loop><\/video>\n                    <\/div>\n        <div class=\"banner__video-content\">\n          <div class=\"banner__wrapper\">\n            <div class=\"banner__content\">\n                              <div class=\"banner__text\">\n                    <h2>Thank you!<\/h2>\n<p>Five sold-out concerts, enthusiastic responses from the audience and critics, more than four and a half thousand spectators &#8211; such was the 12th edition of the Rudolf Firku\u0161n\u00fd Piano Festival, which featured Sir Andr\u00e1s Schiff, Chloe Jiyeong Mun, Alexander Melnikov, Ivo Kah\u00e1nek with his students Anna Ga\u00e1lov\u00e1, Pavel Pra\u017eenica and Mat\u00fa\u0161 Zukal, and French piano virtuoso Jean-Efflam Bavouzet<\/p>\n<h4>The programme for the 2025 edition will be published on 18 March 2025, with ticket sales starting at 11am on 19 March 2025.<\/h4>\n                <\/div>\n                          <\/div>\n          <\/div>\n        <\/div>\n      <\/div>\n    <\/div>\n  <\/div>\n\n\n    <div class=\"spacing spacing--12niDmRJs1\">\n        <style>\n                        .spacing--12niDmRJs1 {\n                height: 20px;\n            }\n                                                @media screen and (min-width: 768px){\n                .spacing--12niDmRJs1{\n                    height: 60px;\n                }\n            }\n                                    <!--            -->\/*            @media screen and (min-width: 1360px){*\/\n\/*                .spacing--*\/\/*{*\/\n\/*                    height: *\/\/*px;*\/\n\/*                }*\/\n\/*            }*\/\n\/*            *\/        <\/style>\n    <\/div>\n\n\n    <div class=\"spacing spacing--rzM7RasHIa\">\n        <style>\n                        .spacing--rzM7RasHIa {\n                height: 20px;\n            }\n                                                @media screen and (min-width: 768px){\n                .spacing--rzM7RasHIa{\n                    height: 40px;\n                }\n            }\n                                    <!--            -->\/*            @media screen and (min-width: 1360px){*\/\n\/*                .spacing--*\/\/*{*\/\n\/*                    height: *\/\/*px;*\/\n\/*                }*\/\n\/*            }*\/\n\/*            *\/        <\/style>\n    <\/div>\n\n\n\n<div class=\"news\">\n    <div class=\"container\">\n        <div class=\"news__wrapper\">\n                            <div class=\"news__title-wrapper\">\n                                            <h2 class=\"news__title\">\n                            NEWS                        <\/h2>\n                                                                <a href=\"https:\/\/firkusny.cz\/aktualne\/\" class=\"d-none d-md-block btn-link news__more\"\n                           target=\"\">\n                            Zobrazit v\u0161e                        <\/a>\n                                    <\/div>\n                                        <div class=\"row\">\n                                            <div class=\"col-md-6 col-lg-4\">\n                            \r\n<div class=\"news__item\">\r\n    <div class=\"news__item-wrapper\">\r\n        <div class=\"news__item-image\">\r\n            <a href=\"https:\/\/firkusny.cz\/en\/prague-spring-announces-the-programm-of-the-rudolf-firkusny-piano-festival-2026\/\" class=\"news__item-image-link\">\r\n                <img loading=\"lazy\" decoding=\"async\" width=\"420\" height=\"240\" src=\"https:\/\/firkusny.cz\/wp-content\/uploads\/fly-images\/5317\/kissin-schiff_1920x720-2-420x240-c.jpg\" class=\"news__item-img\" alt=\"Kissin Schiff 1920x720\" \/>            <\/a>\r\n        <\/div>\r\n        <div class=\"news__item-content\">\r\n            <span class=\"news__item-date\">18\/03\/2026<\/span>\r\n            <h4 class=\"news__item-title\">\r\n                <a class=\"news__item-title-link\" href=\"https:\/\/firkusny.cz\/en\/prague-spring-announces-the-programm-of-the-rudolf-firkusny-piano-festival-2026\/\">Prague Spring announces the programme of the Rudolf Firku\u0161n\u00fd Piano Festival 2026<\/a>\r\n            <\/h4>\r\n            <a href=\"https:\/\/firkusny.cz\/en\/prague-spring-announces-the-programm-of-the-rudolf-firkusny-piano-festival-2026\/\" class=\"btn-link news__item-link\">P\u0159e\u010d\u00edst<\/a>\r\n        <\/div>\r\n    <\/div>\r\n<\/div>                        <\/div>\n                                            <div class=\"col-md-6 col-lg-4\">\n                            \r\n<div class=\"news__item\">\r\n    <div class=\"news__item-wrapper\">\r\n        <div class=\"news__item-image\">\r\n            <a href=\"https:\/\/firkusny.cz\/en\/are-you-a-fan-of-black-and-white-keys-check-out-our-tips-for-piano-concerts-at-the-prague-spring-2026\/\" class=\"news__item-image-link\">\r\n                <img loading=\"lazy\" decoding=\"async\" width=\"420\" height=\"240\" src=\"https:\/\/firkusny.cz\/wp-content\/uploads\/fly-images\/5009\/1280x732_aktu-klavirnaPJ26-420x240-c.png\" class=\"news__item-img\" alt=\"1280x732_aktu-klavirnaPJ26\" \/>            <\/a>\r\n        <\/div>\r\n        <div class=\"news__item-content\">\r\n            <span class=\"news__item-date\">19\/11\/2025<\/span>\r\n            <h4 class=\"news__item-title\">\r\n                <a class=\"news__item-title-link\" href=\"https:\/\/firkusny.cz\/en\/are-you-a-fan-of-black-and-white-keys-check-out-our-tips-for-piano-concerts-at-the-prague-spring-2026\/\">Are you a fan of black and white keys? Check out our tips for piano concerts at the Prague Spring 2026<\/a>\r\n            <\/h4>\r\n            <a href=\"https:\/\/firkusny.cz\/en\/are-you-a-fan-of-black-and-white-keys-check-out-our-tips-for-piano-concerts-at-the-prague-spring-2026\/\" class=\"btn-link news__item-link\">P\u0159e\u010d\u00edst<\/a>\r\n        <\/div>\r\n    <\/div>\r\n<\/div>                        <\/div>\n                                            <div class=\"col-md-6 col-lg-4\">\n                            \r\n<div class=\"news__item\">\r\n    <div class=\"news__item-wrapper\">\r\n        <div class=\"news__item-image\">\r\n            <a href=\"https:\/\/firkusny.cz\/en\/an-interest-in-the-rudolf-firkusny-piano-festival-was-once-again-record-breaking-with-concert-halls-filled-to-almost-100-capacity\/\" class=\"news__item-image-link\">\r\n                <img loading=\"lazy\" decoding=\"async\" width=\"420\" height=\"240\" src=\"https:\/\/firkusny.cz\/wp-content\/uploads\/fly-images\/5005\/1280x732_aktu-FRFdekujeme-420x240-c.png\" class=\"news__item-img\" alt=\"1280x732_aktu-FRFdekujeme\" \/>            <\/a>\r\n        <\/div>\r\n        <div class=\"news__item-content\">\r\n            <span class=\"news__item-date\">19\/11\/2025<\/span>\r\n            <h4 class=\"news__item-title\">\r\n                <a class=\"news__item-title-link\" href=\"https:\/\/firkusny.cz\/en\/an-interest-in-the-rudolf-firkusny-piano-festival-was-once-again-record-breaking-with-concert-halls-filled-to-almost-100-capacity\/\">An interest in the Rudolf Firku\u0161n\u00fd Piano Festival was once again record-breaking, with concert halls filled to almost 100% capacity<\/a>\r\n            <\/h4>\r\n            <a href=\"https:\/\/firkusny.cz\/en\/an-interest-in-the-rudolf-firkusny-piano-festival-was-once-again-record-breaking-with-concert-halls-filled-to-almost-100-capacity\/\" class=\"btn-link news__item-link\">P\u0159e\u010d\u00edst<\/a>\r\n        <\/div>\r\n    <\/div>\r\n<\/div>                        <\/div>\n                                    <\/div>\n                                            <div class=\"news__more\">\n                    <a href=\"https:\/\/firkusny.cz\/aktualne\/\" class=\"d-block d-md-none btn-link news__more\"\n                       target=\"\">\n                        Zobrazit v\u0161e                    <\/a>\n                <\/div>\n                    <\/div>\n    <\/div>\n<\/div>\n\n\n","protected":false},"excerpt":{"rendered":"","protected":false},"author":1,"featured_media":0,"parent":0,"menu_order":0,"comment_status":"closed","ping_status":"closed","template":"","meta":{"footnotes":""},"class_list":["post-808","page","type-page","status-publish","hentry"],"acf":[],"_links":{"self":[{"href":"https:\/\/firkusny.cz\/en\/wp-json\/wp\/v2\/pages\/808","targetHints":{"allow":["GET"]}}],"collection":[{"href":"https:\/\/firkusny.cz\/en\/wp-json\/wp\/v2\/pages"}],"about":[{"href":"https:\/\/firkusny.cz\/en\/wp-json\/wp\/v2\/types\/page"}],"author":[{"embeddable":true,"href":"https:\/\/firkusny.cz\/en\/wp-json\/wp\/v2\/users\/1"}],"replies":[{"embeddable":true,"href":"https:\/\/firkusny.cz\/en\/wp-json\/wp\/v2\/comments?post=808"}],"version-history":[{"count":102,"href":"https:\/\/firkusny.cz\/en\/wp-json\/wp\/v2\/pages\/808\/revisions"}],"predecessor-version":[{"id":4802,"href":"https:\/\/firkusny.cz\/en\/wp-json\/wp\/v2\/pages\/808\/revisions\/4802"}],"wp:attachment":[{"href":"https:\/\/firkusny.cz\/en\/wp-json\/wp\/v2\/media?parent=808"}],"curies":[{"name":"wp","href":"https:\/\/api.w.org\/{rel}","templated":true}]}}