{"id":890,"date":"2021-06-16T11:04:48","date_gmt":"2021-06-16T09:04:48","guid":{"rendered":"https:\/\/firkusny.cz\/?page_id=890"},"modified":"2026-03-17T21:53:00","modified_gmt":"2026-03-17T20:53:00","slug":"about-festival","status":"publish","type":"page","link":"https:\/\/firkusny.cz\/en\/about-us\/about-festival\/","title":{"rendered":"About festival"},"content":{"rendered":"\n<div class=\"page-title page-title--alignment-left\">\n    <div class=\"container position-relative\">\n        <div class=\"page-title__wrapper\">\n            <div class=\"page-title__content\">\n                                    <a href=\"https:\/\/firkusny.cz\/en\/about-us\/\" target=\"\" class=\"page-title__back-link\"><svg class=\"icon icon--symbolic page-title__back-link-icon\" width=\"15\" height=\"15\" viewBox=\"0 0 32 32\">\n    <use href=\"https:\/\/firkusny.cz\/wp-content\/themes\/festival\/build\/icons\/sprite.symbolic.svg#arrow-left\" \/>\n    <\/svg>About us<\/a>\n                                                    <h1 class=\"page-title__heading\">\n                        About festival                    <\/h1>\n                                                            <\/div>\n        <\/div>\n    <\/div>\n<\/div>\n\n\n\n\n<div class=\"text-image text-image--left\">\n    <div class=\"container\">\n        <div class=\"text-image__wrapper text-image__wrapper--left text-image__wrapper--align-center text-image__wrapper--bg text-image__wrapper--bg-white\">\n                            <div class=\"text-image__content\">\n                    <p>The Rudolf Firku\u0161n\u00fd Piano Festival, organized by the Prague Spring International Music Festival, celebrates the piano and honours the legacy of the renowned Czech pianist Rudolf Firku\u0161n\u00fd, one of the most important Czech pianists of the 20th century and a key figure in the founding of the Prague Spring festival in 1946. Established to complement the main Prague Spring festival, the event takes place each autumn and presents a compact, week-long series of piano recitals by leading international pianists alongside top Czech performers.<\/p>\n                                    <\/div>\n                                        <div class=\"text-image__image-wrapper\">\n                                            <img decoding=\"async\" src=\"https:\/\/firkusny.cz\/wp-content\/uploads\/2021\/06\/Rudolf-Firkus\u030cny\u0301-na-PJ.jpeg\" alt=\"\" class=\"text-image__image\">\n                                        <\/div>\n                    <\/div>\n    <\/div>\n<\/div>\n\n\n\n\n<div class=\"text-image\">\n    <div class=\"container\">\n        <div class=\"text-image__wrapper text-image__wrapper--bg text-image__wrapper--bg-white\">\n                            <div class=\"text-image__content\">\n                    <p>Since its first editions in the early 2010s, the festival has quickly gained recognition for its high artistic level and carefully curated programs. Early seasons featured prominent artists such as Emanuel Ax, Grigorij Sokolov, Yefim Bronfman, Khatia Buniatishvili, and Pierre\u2011Laurent Aimard, together with leading Czech pianists including Luk\u00e1\u0161 Vondr\u00e1\u010dek and Ivo Kah\u00e1nek. Concerts typically take place in the Dvo\u0159\u00e1k Hall of the Rudolfinum in Prague.<\/p>\n<p>The festival highlights a wide spectrum of piano repertoire, from classical masters such as Ludwig van Beethoven, Johannes Brahms, and Wolfgang Amadeus Mozart to composers of the 20th century including Leo\u0161 Jan\u00e1\u010dek, Sergei Prokofiev, and B\u00e9la Bart\u00f3k. Its dramaturgy often combines well-known works with rarely performed compositions, offering audiences fresh perspectives on the piano repertoire.<\/p>\n                                    <\/div>\n                                        <div class=\"text-image__image-wrapper\">\n                                            <img decoding=\"async\" src=\"https:\/\/firkusny.cz\/wp-content\/uploads\/2021\/06\/Emanuel-Ax-na-Firkus\u030cne\u0301ho-festivalu-2013.jpeg\" alt=\"\" class=\"text-image__image\">\n                                        <\/div>\n                    <\/div>\n    <\/div>\n<\/div>\n\n\n\n\n<div class=\"text-image text-image--left\">\n    <div class=\"container\">\n        <div class=\"text-image__wrapper text-image__wrapper--left text-image__wrapper--align-center text-image__wrapper--bg text-image__wrapper--bg-white\">\n                            <div class=\"text-image__content\">\n                    <p>Over the years the event has also introduced new talents and unique program concepts, such as performances for two pianos and thematic recitals. The festival regularly attracts large audiences and strong media attention, confirming its role as a prominent event in Prague\u2019s autumn concert season.<\/p>\n<p>Recent editions have continued this tradition with artists such as Leif Ove Andsnes, Anna Vinnitskaya, Piotr Anderszewski, and emerging pianists including Anna Geniushene. Through outstanding performances and thoughtful programming, the Rudolf Firku\u0161n\u00fd Piano Festival has established itself as an important platform for world-class piano interpretation in Prague.<\/p>\n                                    <\/div>\n                                        <div class=\"text-image__image-wrapper\">\n                                            <img decoding=\"async\" src=\"https:\/\/firkusny.cz\/wp-content\/uploads\/2021\/06\/Rattle-a-Kaha\u0301nek.jpeg\" alt=\"\" class=\"text-image__image\">\n                                        <\/div>\n                    <\/div>\n    <\/div>\n<\/div>\n\n\n\n<div class=\"wp-block-group container\"><div class=\"wp-block-group__inner-container is-layout-flow wp-block-group-is-layout-flow\"><\/div><\/div>\n\n\n\n<div class=\"wp-block-group container\"><div class=\"wp-block-group__inner-container is-layout-flow wp-block-group-is-layout-flow\"><\/div><\/div>\n","protected":false},"excerpt":{"rendered":"","protected":false},"author":1,"featured_media":0,"parent":888,"menu_order":0,"comment_status":"closed","ping_status":"closed","template":"","meta":{"footnotes":""},"class_list":["post-890","page","type-page","status-publish","hentry"],"acf":[],"_links":{"self":[{"href":"https:\/\/firkusny.cz\/en\/wp-json\/wp\/v2\/pages\/890","targetHints":{"allow":["GET"]}}],"collection":[{"href":"https:\/\/firkusny.cz\/en\/wp-json\/wp\/v2\/pages"}],"about":[{"href":"https:\/\/firkusny.cz\/en\/wp-json\/wp\/v2\/types\/page"}],"author":[{"embeddable":true,"href":"https:\/\/firkusny.cz\/en\/wp-json\/wp\/v2\/users\/1"}],"replies":[{"embeddable":true,"href":"https:\/\/firkusny.cz\/en\/wp-json\/wp\/v2\/comments?post=890"}],"version-history":[{"count":5,"href":"https:\/\/firkusny.cz\/en\/wp-json\/wp\/v2\/pages\/890\/revisions"}],"predecessor-version":[{"id":5411,"href":"https:\/\/firkusny.cz\/en\/wp-json\/wp\/v2\/pages\/890\/revisions\/5411"}],"up":[{"embeddable":true,"href":"https:\/\/firkusny.cz\/en\/wp-json\/wp\/v2\/pages\/888"}],"wp:attachment":[{"href":"https:\/\/firkusny.cz\/en\/wp-json\/wp\/v2\/media?parent=890"}],"curies":[{"name":"wp","href":"https:\/\/api.w.org\/{rel}","templated":true}]}}