{"id":894,"date":"2021-06-16T11:05:47","date_gmt":"2021-06-16T09:05:47","guid":{"rendered":"https:\/\/firkusny.cz\/?page_id=894"},"modified":"2026-03-19T21:37:08","modified_gmt":"2026-03-19T20:37:08","slug":"all-about-tickets","status":"publish","type":"page","link":"https:\/\/firkusny.cz\/en\/all-about-tickets\/","title":{"rendered":"All about tickets"},"content":{"rendered":"\n<div class=\"page-title page-title--alignment-left\">\n    <div class=\"container position-relative\">\n        <div class=\"page-title__wrapper\">\n            <div class=\"page-title__content\">\n                                                    <h1 class=\"page-title__heading\">\n                        All about tickets                    <\/h1>\n                                                            <\/div>\n        <\/div>\n    <\/div>\n<\/div>\n\n\n\n    <div class=\"columns\">\n        <div class=\"container\">\n            <div class=\"columns__wrapper\">\n                <div class=\"row columns__two-cols row--lg\">\n                                            <div class=\"col-md-6 columns__item-margin col--gutter-lg \">\n                            <div class=\"columns__item\">\n                                \n                                \n                          <div class=\"columns__item-content\">\n                              <div id=\"tw-container\" class=\"YQaNob\" data-cp=\"1\" data-is-ver=\"false\" data-nnttsvi=\"1\" data-sm=\"1\" data-sugg-time=\"500\" data-sugg-url=\"https:\/\/clients1.google.com\/complete\/search\" data-uilc=\"cs\">\n<div id=\"tw-ob\" class=\"tw-src-ltr\">\n<div class=\"oSioSc\">\n<div id=\"tw-target\">\n<div id=\"kAz1tf\" class=\"g9WsWb\">\n<div id=\"tw-target-text-container\" class=\"tw-ta-container hide-focus-ring tw-nfl\" tabindex=\"0\">\n<h2>Tickets are on sale from 19 March, 2026<\/h2>\n<p><strong>Buy your tickets online<\/strong> and at the entrance to Rudolfinum you will prove yourself with a printed eTicket or QR code in your mobile phone.<\/p>\n<p><strong>Festival box office<\/strong> is open on the day of the concert: 6 pm &#8211; 7.30 pm. Rudolfinum, n\u00e1m. Jana Palacha, Prague 1.<\/p>\n<p>If you are interested in more than twenty tickets for one concert, send a request for<strong> bulk tickets<\/strong> to <a href=\"mailto:info@enigoo.cz\">info@enigoo.cz<\/a>.<\/p>\n<\/div>\n<\/div>\n<\/div>\n<\/div>\n<\/div>\n<\/div>\n\n                          <\/div>\n                                                                    <div class=\"columns__item-button-wrapper\">\n                                        <a href=\"https:\/\/festival.enigoo.cz\/app\/tickets\" target=\"\" class=\"btn btn--sm btn--outline-dark\">Tickets<\/a>\n                                    <\/div>\n                                                            <\/div>\n                        <\/div>\n                                            <div class=\"col-md-6 columns__item-margin col--gutter-lg \">\n                            <div class=\"columns__item\">\n                                \n                                \n                          <div class=\"columns__item-content\">\n                              <h2>The best offer<\/h2>\n<p>Make use of our <strong>Early Bird 20% discount<\/strong> by purchasing your tickets by 4 June 2026!<br \/>\nTickets are automatically discounted.<\/p>\n<h2>Discounts and bulk orders<\/h2>\n<p>Discount for children, students, seniors and ZTP card holders.<\/p>\n\n                          <\/div>\n                                                                    <div class=\"columns__item-button-wrapper\">\n                                        <a href=\"https:\/\/firkusny.cz\/vse-o-vstupenkach\/slevy-abonma-a-hromadne-objednavky\/\" target=\"\" class=\"btn btn--sm btn--outline-dark\">More information<\/a>\n                                    <\/div>\n                                                            <\/div>\n                        <\/div>\n                                            <div class=\"col-md-6 columns__item-margin col--gutter-lg \">\n                            <div class=\"columns__item\">\n                                \n                                \n                          <div class=\"columns__item-content\">\n                              <h2>Documents<\/h2>\n<p><a href=\"https:\/\/firkusny.cz\/vseobecne-obchodni-podminky\/\">V\u0161eobecn\u00e9 obchodn\u00ed podm\u00ednky<\/a><br \/>\n<a href=\"https:\/\/firkusny.cz\/ochrana-osobnich-udaju\/\">Souhlas ze zpracov\u00e1n\u00edm osobn\u00edch \u00fadaj\u016f<\/a><\/p>\n\n                          <\/div>\n                                                            <\/div>\n                        <\/div>\n                                    <\/div>\n            <\/div>\n        <\/div>\n    <\/div>\n","protected":false},"excerpt":{"rendered":"","protected":false},"author":1,"featured_media":0,"parent":0,"menu_order":0,"comment_status":"closed","ping_status":"closed","template":"","meta":{"footnotes":""},"class_list":["post-894","page","type-page","status-publish","hentry"],"acf":[],"_links":{"self":[{"href":"https:\/\/firkusny.cz\/en\/wp-json\/wp\/v2\/pages\/894","targetHints":{"allow":["GET"]}}],"collection":[{"href":"https:\/\/firkusny.cz\/en\/wp-json\/wp\/v2\/pages"}],"about":[{"href":"https:\/\/firkusny.cz\/en\/wp-json\/wp\/v2\/types\/page"}],"author":[{"embeddable":true,"href":"https:\/\/firkusny.cz\/en\/wp-json\/wp\/v2\/users\/1"}],"replies":[{"embeddable":true,"href":"https:\/\/firkusny.cz\/en\/wp-json\/wp\/v2\/comments?post=894"}],"version-history":[{"count":54,"href":"https:\/\/firkusny.cz\/en\/wp-json\/wp\/v2\/pages\/894\/revisions"}],"predecessor-version":[{"id":5439,"href":"https:\/\/firkusny.cz\/en\/wp-json\/wp\/v2\/pages\/894\/revisions\/5439"}],"wp:attachment":[{"href":"https:\/\/firkusny.cz\/en\/wp-json\/wp\/v2\/media?parent=894"}],"curies":[{"name":"wp","href":"https:\/\/api.w.org\/{rel}","templated":true}]}}