{"id":895,"date":"2021-06-16T11:06:39","date_gmt":"2021-06-16T09:06:39","guid":{"rendered":"https:\/\/firkusny.cz\/?page_id=895"},"modified":"2021-06-16T11:06:39","modified_gmt":"2021-06-16T09:06:39","slug":"where-and-how-to-buy-tickets","status":"publish","type":"page","link":"https:\/\/firkusny.cz\/en\/all-about-tickets\/where-and-how-to-buy-tickets\/","title":{"rendered":"Where and how to buy tickets"},"content":{"rendered":"\n<div class=\"page-title page-title--alignment-left\">\n    <div class=\"container position-relative\">\n        <div class=\"page-title__wrapper\">\n            <div class=\"page-title__content\">\n                                    <a href=\"https:\/\/firkusny.cz\/en\/all-about-tickets\/\" target=\"\" class=\"page-title__back-link\"><svg class=\"icon icon--symbolic page-title__back-link-icon\" width=\"15\" height=\"15\" viewBox=\"0 0 32 32\">\n    <use href=\"https:\/\/firkusny.cz\/wp-content\/themes\/festival\/build\/icons\/sprite.symbolic.svg#arrow-left\" \/>\n    <\/svg>All about tickets<\/a>\n                                                    <h1 class=\"page-title__heading\">\n                        Where and how to buy tickets                    <\/h1>\n                                                    <span class=\"page-title__subtitle\">\n                        <p>Nejjednodu\u0161\u0161\u00ed zp\u016fsob, jak z\u00edskat vstupenky na Klav\u00edrn\u00ed festival Rudolfa Firku\u0161n\u00e9ho, je nakoupit je online. V sekci program si vyberte koncert a nakupte ve t\u0159ech snadn\u00fdch kroc\u00edch!<\/p>\n                    <\/span>\n                                            <\/div>\n        <\/div>\n    <\/div>\n<\/div>\n\n\n\n    <div class=\"tiles\">\n        <div class=\"container\">\n            <div class=\"tiles__wrapper\">\n                <div class=\"row columns__three-cols\">\n                                            <div class=\"col-md-4 tiles__item-col\">\n                                                            <div class=\"tiles__item-number\">\n                                    <span class=\"tiles__item-number-val h3\">1<\/span>\n                                <\/div>\n                                                        <div class=\"tiles__item tiles__item--no-padding\">\n                                                                <div class=\"tiles__item-desc\">\n                                    <p>Zvolte si mo\u017enost n\u00e1kupu jednotliv\u00fdch vstupenek na koncerty \u010di bal\u00ed\u010dku na 3 koncerty.<\/p>\n                                <\/div>\n                            <\/div>\n                        <\/div>\n                                            <div class=\"col-md-4 tiles__item-col\">\n                                                            <div class=\"tiles__item-number\">\n                                    <span class=\"tiles__item-number-val h3\">2<\/span>\n                                <\/div>\n                                                        <div class=\"tiles__item tiles__item--no-padding\">\n                                                                <div class=\"tiles__item-desc\">\n                                    <p>V obou mo\u017enostech, po zvolen\u00ed koncert\u016f, sta\u010d\u00ed kliknout na dan\u00fd sektor a vybrat m\u00edsta \u2013 ta jsou ozna\u010den\u00e1 dle cenov\u00fdch kategori\u00ed.<\/p>\n                                <\/div>\n                            <\/div>\n                        <\/div>\n                                            <div class=\"col-md-4 tiles__item-col\">\n                                                            <div class=\"tiles__item-number\">\n                                    <span class=\"tiles__item-number-val h3\">3<\/span>\n                                <\/div>\n                                                        <div class=\"tiles__item tiles__item--no-padding\">\n                                                                <div class=\"tiles__item-desc\">\n                                    <p>Na konci objedn\u00e1vky vypl\u0148te kontaktn\u00ed \u00fadaje. Pokud m\u00e1te n\u00e1rok na slevu, nezapome\u0148te ji vybrat v tomto kroku v sekci Va\u0161e vstupenky. Pot\u00e9 u\u017e jen zvol\u00edte mo\u017enost \u00fahrady a doru\u010den\u00ed vstupenky.<\/p>\n                                <\/div>\n                            <\/div>\n                        <\/div>\n                                    <\/div>\n            <\/div>\n        <\/div>\n    <\/div>\n\n\n\n    <div class=\"spacing spacing--828LIENQ0M\">\n        <style>\n                        .spacing--828LIENQ0M {\n                height: 30px;\n            }\n                                                            @media screen and (min-width: 1024px){\n                .spacing--828LIENQ0M{\n                    height: 60px;\n                }\n            }\n                        <!--            -->\/*            @media screen and (min-width: 1360px){*\/\n\/*                .spacing--*\/\/*{*\/\n\/*                    height: *\/\/*px;*\/\n\/*                }*\/\n\/*            }*\/\n\/*            *\/        <\/style>\n    <\/div>\n\n\n\n    <div class=\"columns\">\n        <div class=\"container\">\n            <div class=\"columns__wrapper columns__wrapper--has-bg bg-white bg-wide\">\n                <div class=\"row columns__one-cols\">\n                                            <div class=\"col-12 \">\n                            <div class=\"columns__item\">\n                                \n                                \n                          <div class=\"columns__item-content\">\n                              <p><strong>Elektronick\u00e1 vstupenka<\/strong><\/p>\n<p>Vstupenka V\u00e1m bude doru\u010dena e-mailem po zaplacen\u00ed platebn\u00ed kartou. M\u016f\u017eete ji ihned vytisknout nebo p\u0159ed vstupem uk\u00e1zat na sv\u00e9m mobiln\u00edm telefonu.<\/p>\n<p><strong>Online n\u00e1kup s<\/strong><strong>\u00a0<\/strong><strong>doru\u010den\u00edm po\u0161tou<\/strong><\/p>\n<p>Chcete origin\u00e1ln\u00ed vstupenky s doru\u010den\u00edm a\u017e dom\u016f? Po \u00fahrad\u011b on-line v\u00e1m je za 99 K\u010d po\u0161leme po\u0161tou.<\/p>\n<p><strong>Prodej vstupenek v\u00a0prodejn\u00edm m\u00edst\u011b Pra\u017esk\u00e9ho jara<\/strong><\/p>\n<p>Vstupenky lze zakoupit p\u0159\u00edmo v\u00a0prodejn\u00edm m\u00edst\u011b Pra\u017esk\u00e9ho jara, Rudolfinum, n\u00e1m. Jana Palacha, Praha 1 od 26. 10. do 7. 11 (krom\u011b sv\u00e1tku 28. 10.), Po \u2013 P\u00e1: 10.00 \u2013 18:00.<\/p>\n<p><strong>Rezervace vstupenek v\u00a0prodejn\u00edm m\u00edst\u011b Sazka<\/strong><\/p>\n<p>Pokud zvol\u00edte tuto mo\u017enost, do e-mailu V\u00e1m p\u0159ijde\u00a0<strong>rezerva\u010dn\u00ed k\u00f3d<\/strong>, kter\u00fd p\u0159edlo\u017e\u00edte v kter\u00e9mkoli prodejn\u00edm m\u00edst\u011b Sazka, a n\u00e1sledn\u011b V\u00e1m bude vstupenka vyti\u0161t\u011bna.\u00a0<strong>Tento rezerva\u010dn\u00ed k\u00f3d je platn\u00fd v\u017edy do p\u016flnoci n\u00e1sleduj\u00edc\u00edho dne.<\/strong><\/p>\n<p><strong>Prodej vstupenek v\u00a0prodejn\u00edm m\u00edst\u011b Sazka<\/strong><\/p>\n<p>Pokud V\u00e1m nevyhovuje mo\u017enost n\u00e1kupu online ani rezervace v\u00a0prodejn\u00edm m\u00edst\u011b Sazka, sta\u010d\u00ed na kter\u00fdkoli z\u00a0prodejn\u00edch m\u00edst p\u0159ij\u00edt a vstupenku zakoupit\u00a0 p\u0159\u00edmo v jak\u00e9mkoli ze 7 500 prodejn\u00edch m\u00edst Sazky. Pro rychlou identifikaci vyhledejte tzv. ID akce na webu\u00a0<a href=\"https:\/\/www.sazkaticket.cz\/Akce\/Festivaly\">Sazka Ticket<\/a>\u00a0(prodejce jej rovn\u011b\u017e m\u016f\u017ee vyhledat na termin\u00e1lu). Sd\u011blte prodejci, o kolik vstupenek m\u00e1te z\u00e1jem.\u00a0<strong>V\u00a0tomto p\u0159\u00edpad\u011b nelze vyb\u00edrat konkr\u00e9tn\u00ed m\u00edsta.<\/strong><\/p>\n<p><strong>Z\u00e1kaznick\u00e1 podpora<\/strong><\/p>\n<p>Dotazy na stav objedn\u00e1vek, plateb, fakturace a hromadn\u00e9 objedn\u00e1vky:<\/p>\n<p>ENIGOO<br \/>\n+420 461 049 232<br \/>\ninfo@enigoo.cz<br \/>\nPo-Ne: 9.00 \u2013 22.00<\/p>\n\n                          <\/div>\n                                                            <\/div>\n                        <\/div>\n                                    <\/div>\n            <\/div>\n        <\/div>\n    <\/div>\n\n\n    <div class=\"spacing spacing--8Uy8tZ9Tz5\">\n        <style>\n                        .spacing--8Uy8tZ9Tz5 {\n                height: 50px;\n            }\n                                                            @media screen and (min-width: 1024px){\n                .spacing--8Uy8tZ9Tz5{\n                    height: 80px;\n                }\n            }\n                        <!--            -->\/*            @media screen and (min-width: 1360px){*\/\n\/*                .spacing--*\/\/*{*\/\n\/*                    height: *\/\/*px;*\/\n\/*                }*\/\n\/*            }*\/\n\/*            *\/        <\/style>\n    <\/div>\n\n\n\n<h4 class=\"container wp-block-heading\">Pokladny Pra\u017esk\u00e9ho jara<\/h4>\n\n\n    <div class=\"spacing spacing--oTylxf9vHY\">\n        <style>\n                        .spacing--oTylxf9vHY {\n                height: 30px;\n            }\n                                                @media screen and (min-width: 768px){\n                .spacing--oTylxf9vHY{\n                    height: 50px;\n                }\n            }\n                                    <!--            -->\/*            @media screen and (min-width: 1360px){*\/\n\/*                .spacing--*\/\/*{*\/\n\/*                    height: *\/\/*px;*\/\n\/*                }*\/\n\/*            }*\/\n\/*            *\/        <\/style>\n    <\/div>\n\n\n\n    <div class=\"columns\">\n        <div class=\"container\">\n            <div class=\"columns__wrapper\">\n                <div class=\"row columns__two-cols row--lg\">\n                                            <div class=\"col-md-6 col--gutter-lg  columns__item-margin--default\">\n                            <div class=\"columns__item columns__item--has-bg bg-white\">\n                                \n                                \n                          <div class=\"columns__item-content\">\n                              <h4>Rudolfinum<\/h4>\n<p>Od\u00a0<strong>26. 10<\/strong>.\u00a0<strong>2020<\/strong>\u00a0do 7. 11 2020 (krom\u011b sv\u00e1tku 28. 10.)<\/p>\n<p>Po \u2013 P\u00e1: 10.00 \u2013 18:00<\/p>\n<p><strong>V\u00a0den kon\u00e1n\u00ed koncertu<\/strong>\u00a0je ve\u010dern\u00ed pokladna otev\u0159ena i od 18.00 do 19.30.<\/p>\n<p><strong>Adresa a kontakt<\/strong><br \/>\nn\u00e1m. Jana Palacha, Praha 1<\/p>\n<p>pokladna@festival.cz, +420 227 059 234<\/p>\n\n                          <\/div>\n                                                            <\/div>\n                        <\/div>\n                                    <\/div>\n            <\/div>\n        <\/div>\n    <\/div>\n","protected":false},"excerpt":{"rendered":"<p>Pokladny Pra\u017esk\u00e9ho jara<\/p>\n","protected":false},"author":1,"featured_media":0,"parent":894,"menu_order":0,"comment_status":"closed","ping_status":"closed","template":"","meta":{"footnotes":""},"class_list":["post-895","page","type-page","status-publish","hentry"],"acf":[],"_links":{"self":[{"href":"https:\/\/firkusny.cz\/en\/wp-json\/wp\/v2\/pages\/895","targetHints":{"allow":["GET"]}}],"collection":[{"href":"https:\/\/firkusny.cz\/en\/wp-json\/wp\/v2\/pages"}],"about":[{"href":"https:\/\/firkusny.cz\/en\/wp-json\/wp\/v2\/types\/page"}],"author":[{"embeddable":true,"href":"https:\/\/firkusny.cz\/en\/wp-json\/wp\/v2\/users\/1"}],"replies":[{"embeddable":true,"href":"https:\/\/firkusny.cz\/en\/wp-json\/wp\/v2\/comments?post=895"}],"version-history":[{"count":2,"href":"https:\/\/firkusny.cz\/en\/wp-json\/wp\/v2\/pages\/895\/revisions"}],"predecessor-version":[{"id":915,"href":"https:\/\/firkusny.cz\/en\/wp-json\/wp\/v2\/pages\/895\/revisions\/915"}],"up":[{"embeddable":true,"href":"https:\/\/firkusny.cz\/en\/wp-json\/wp\/v2\/pages\/894"}],"wp:attachment":[{"href":"https:\/\/firkusny.cz\/en\/wp-json\/wp\/v2\/media?parent=895"}],"curies":[{"name":"wp","href":"https:\/\/api.w.org\/{rel}","templated":true}]}}