{"id":897,"date":"2021-06-16T11:07:34","date_gmt":"2021-06-16T09:07:34","guid":{"rendered":"https:\/\/firkusny.cz\/?page_id=897"},"modified":"2021-06-26T12:51:12","modified_gmt":"2021-06-26T10:51:12","slug":"terms-conditions","status":"publish","type":"page","link":"https:\/\/firkusny.cz\/en\/terms-conditions\/","title":{"rendered":"Terms &#038; conditions"},"content":{"rendered":"\n<div class=\"page-title page-title--alignment-left\">\n    <div class=\"container position-relative\">\n        <div class=\"page-title__wrapper\">\n            <div class=\"page-title__content\">\n                                    <a href=\"https:\/\/firkusny.cz\/en\/all-about-tickets\/\" target=\"\" class=\"page-title__back-link\"><svg class=\"icon icon--symbolic page-title__back-link-icon\" width=\"15\" height=\"15\" viewBox=\"0 0 32 32\">\n    <use href=\"https:\/\/firkusny.cz\/wp-content\/themes\/festival\/build\/icons\/sprite.symbolic.svg#arrow-left\" \/>\n    <\/svg>All about tickets<\/a>\n                                                    <h1 class=\"page-title__heading\">\n                        Terms &#038; Conditions                    <\/h1>\n                                                            <\/div>\n        <\/div>\n    <\/div>\n<\/div>\n\n\n\n<div class=\"wp-block-group container\"><div class=\"wp-block-group__inner-container is-layout-flow wp-block-group-is-layout-flow\">\n<p><strong>V\u0161eobecn\u00e9 obchodn\u00ed podm\u00ednky spole\u010dnosti Pra\u017esk\u00e9 jaro o.p.s.<\/strong><\/p>\n\n\n\n<p><strong>1. V\u0161eobecn\u00e1 ustanoven\u00ed a vymezen\u00ed pojm\u016f<\/strong><\/p>\n\n\n\n<p>1.1 \u201eSpole\u010dnost Pra\u017esk\u00e9 jaro, o.p.s.\u201c je obecn\u011b prosp\u011b\u0161nou spole\u010dnost\u00ed se s\u00eddlem v Hellichov\u011b 18, 118 00 Praha 1, I\u010c: 25773194, zapsan\u00e9 v rejst\u0159\u00edku obecn\u011b prosp\u011b\u0161n\u00fdch spole\u010dnost\u00ed, veden\u00e9m M\u011bstsk\u00fdm soudem v Praze, odd\u00edl O, vlo\u017eka 143.<\/p>\n\n\n\n<p>1.2 Spole\u010dnost Pra\u017esk\u00e9 jaro po\u0159\u00e1d\u00e1 Mezin\u00e1rodn\u00ed hudebn\u00ed festival Pra\u017esk\u00e9 jaro a Mezin\u00e1rodn\u00ed hudebn\u00ed sout\u011b\u017e Pra\u017esk\u00e9 jaro jednou ro\u010dn\u011b v obdob\u00ed m\u011bs\u00edc\u016f kv\u011bten a \u010derven a Klav\u00edrn\u00ed festival Rudolfa Firku\u0161n\u00e9ho jednou ro\u010dn\u011b v&nbsp;obdob\u00ed m\u011bs\u00edc\u016f \u0159\u00edjen, listopad a prosinec, v m\u00edstech ur\u010den\u00fdch pro provozov\u00e1n\u00ed hudebn\u011b kulturn\u00edch akc\u00ed.<\/p>\n\n\n\n<p>1.3 \u201eZ\u00e1kazn\u00edk\u201d je subjekt, kter\u00fd se Spole\u010dnost\u00ed Pra\u017esk\u00e9 jaro uzav\u0159el kupn\u00ed smlouvu, kterou si zakoup\u00ed vstupenku nebo d\u00e1rkovou pouk\u00e1zku na koncertn\u00ed nebo jin\u00e9 p\u0159edstaven\u00ed po\u0159\u00e1dan\u00e9 Spole\u010dnost\u00ed Pra\u017esk\u00e9 jaro v pokladn\u00e1ch Pra\u017esk\u00e9ho jara, ve smluvn\u00edch pokladn\u00e1ch a informa\u010dn\u00edch centrech a prost\u0159ednictv\u00edm obchodn\u00edho odd\u011blen\u00ed ENIGOO s.r.o. nebo prost\u0159ednictv\u00edm internetu na str\u00e1nk\u00e1ch&nbsp;<a href=\"http:\/\/www.festival.cz\/\">www.festival.cz<\/a>&nbsp;a&nbsp;<a href=\"https:\/\/firkusny.cz\/\">www.firkusny.cz<\/a>.<\/p>\n\n\n\n<p>1.4 \u201eB\u011b\u017en\u00e1 vstupenka\u201d je vstupenka ti\u0161t\u011bn\u00e1 v pokladn\u00e1ch Pra\u017esk\u00e9ho jara a v m\u00edstech pro ti\u0161t\u011bn\u00ed vstupenek ur\u010den\u00fdch.<\/p>\n\n\n\n<p>1.5 \u201eE-vstupenka\u201d je vstupenka vybaven\u00e1 \u010d\u00edseln\u00fdm \u010d\u00e1rov\u00fdm k\u00f3dem, kterou z\u00e1kazn\u00edk obdr\u017e\u00ed ve form\u00e1tu PDF pro vlastn\u00ed vyti\u0161t\u011bn\u00ed na tisk\u00e1rn\u011b nebo ji ve form\u011b SMS obdr\u017e\u00ed na sv\u016fj mobiln\u00ed telefon, a to v\u017edy po objedn\u00e1n\u00ed a \u00fahrad\u011b vstupenky p\u0159es internet.<\/p>\n\n\n\n<p>1.6. \u201eD\u00e1rkov\u00e1 pouk\u00e1zka\u201c je kup\u00f3n vybaven\u00fd \u010d\u00edseln\u00fdm \u010d\u00e1rov\u00fdm k\u00f3dem, kter\u00fd z\u00e1kazn\u00edk obdr\u017e\u00ed ve form\u00e1tu PDF pro vlastn\u00ed vyti\u0161t\u011bn\u00ed na tisk\u00e1rn\u011b v\u017edy po objedn\u00e1n\u00ed a \u00fahrad\u011b kup\u00f3nu p\u0159es internet, nebo ti\u0161t\u011bn\u00fd v pokladn\u011b Pra\u017esk\u00e9ho jara v Rudolfinu.<\/p>\n\n\n\n<p>1.7.&nbsp;Z\u00e1kazn\u00edk souhlas\u00ed s t\u011bmito v\u0161eobecn\u00fdmi obchodn\u00edmi podm\u00ednkami, kter\u00e9 jsou pro ob\u011b smluvn\u00ed strany z\u00e1vazn\u00e9. Rozhoduj\u00edc\u00ed je verze v\u0161eobecn\u00fdch obchodn\u00edch podm\u00ednek platn\u00e1 v den proveden\u00ed platby kupn\u00ed ceny vstupenky z\u00e1kazn\u00edkem. Pro p\u0159\u00edpad poru\u0161en\u00ed v\u0161eobecn\u00fdch obchodn\u00edch podm\u00ednek ze strany z\u00e1kazn\u00edka (zejm\u00e9na ust. \u010dl. 6.5 &nbsp;\u2013 z\u00e1kaz p\u0159edprodeje) si spole\u010dnost Pra\u017esk\u00e9 jaro vyhrazuje&nbsp;pr\u00e1vo odstoupit od kupn\u00ed smlouvy, zru\u0161it rezervaci vstupenek, uplatnit n\u00e1rok na n\u00e1hradu&nbsp;&nbsp;majetkov\u00e9 i nemajetkov\u00e9 \u00fajmy, eventu\u00e1ln\u011b&nbsp;p\u0159ijmout opat\u0159en\u00ed a uplatnit ve\u0161ker\u00e9 n\u00e1roky, kter\u00e9 vzniknou poru\u0161en\u00edm v\u0161eobecn\u00fdch obchodn\u00edch podm\u00ednek&nbsp;ve smyslu p\u0159\u00edslu\u0161n\u00e9 pr\u00e1vn\u00ed \u00fapravy.<\/p>\n\n\n\n<p><strong>2. Zakoupen\u00ed vstupenky<\/strong><\/p>\n\n\n\n<p>2.1 Z\u00e1kazn\u00edk m\u016f\u017ee zakoupit vstupenky na koncerty a p\u0159edstaven\u00ed Mezin\u00e1rodn\u00edho hudebn\u00edho festivalu Pra\u017esk\u00e9 jaro a Klav\u00edrn\u00edho festivalu Rudolfa Firku\u0161n\u00e9ho na pokladn\u011b a zaplatit je v hotovosti nebo platebn\u00ed kartou, a to po p\u0159edchoz\u00ed internetov\u00e9 rezervaci nebo bez p\u0159edchoz\u00ed internetov\u00e9 rezervace nebo prost\u0159ednictv\u00edm internetu, a zaplatit n\u00e1sleduj\u00edc\u00edmi typy platebn\u00edch karet: MasterCard, Maestro, Visa, Visa Electron resp. prost\u0159ednictv\u00edm platebn\u00edho syst\u00e9mu GoPay, nebo po p\u0159edchoz\u00ed rezervaci zaplatit bankovn\u00edm p\u0159evodem nebo prost\u0159ednictv\u00edm platebn\u00edho syst\u00e9mu PayPal v&nbsp;m\u011bn\u00e1ch CZK, EUR, USD, GBP.<\/p>\n\n\n\n<p><strong>3. N\u00e1kup a platba vstupenek zakoupen\u00fdch p\u0159es internet (e-vstupenka)<\/strong><\/p>\n\n\n\n<p>3.1 Koupit e-vstupenku lze a\u017e do \u010dasu za\u010d\u00e1tku po\u017eadovan\u00e9ho p\u0159edstaven\u00ed. Pot\u00e9 m\u016f\u017ee Z\u00e1kazn\u00edk koupit pouze zb\u00fdvaj\u00edc\u00ed b\u011b\u017enou vstupenku na ve\u010dern\u00ed pokladn\u011b p\u0159ed p\u0159estaven\u00edm.<\/p>\n\n\n\n<p>3.2 P\u0159i koupi zlevn\u011bn\u00e9 e-vstupenky (studentsk\u00e1, ZTP, senior, d\u00edt\u011b) je nutn\u00e9 p\u0159i vstupu kontrole vstupenek p\u0159edlo\u017eit platn\u00fd doklad oprav\u0148uj\u00edc\u00ed dr\u017eitele ke slev\u011b.<\/p>\n\n\n\n<p>3.3 P\u0159i n\u00e1kupu e-vstupenek lze prost\u0159ednictv\u00edm jedn\u00e9 transakce zakoupit vstupenky na v\u00edce p\u0159edstaven\u00ed. V&nbsp;jedn\u00e9 objedn\u00e1vce lze zakoupit maxim\u00e1ln\u011b 10 vstupenek.<\/p>\n\n\n\n<p>3.4 Po kompletn\u00edm vypln\u011bn\u00ed objedn\u00e1vky e-vstupenky se Z\u00e1kazn\u00edkovi zobraz\u00ed celkov\u00e1 kupn\u00ed cena, kterou je Z\u00e1kazn\u00edk povinen uhradit. Uveden\u00e1 kupn\u00ed cena je cenou aktu\u00e1ln\u00ed pro objednan\u00e1 p\u0159edstaven\u00ed a je cenou kone\u010dnou, tj. v\u010detn\u011b p\u0159\u00edpadn\u00fdch poskytovan\u00fdch slev.<\/p>\n\n\n\n<p>3.5 N\u00e1sledn\u011b po uzav\u0159en\u00ed objedn\u00e1vky e-vstupenky je Z\u00e1kazn\u00edk p\u0159esm\u011brov\u00e1n do zabezpe\u010den\u00e9 platebn\u00ed br\u00e1ny GoPay, prost\u0159ednictv\u00edm kter\u00e9 provede \u00fahradu.<\/p>\n\n\n\n<p>3.6 Z\u00e1kazn\u00edk prost\u0159ednictv\u00edm platebn\u00ed br\u00e1ny GoPay zad\u00e1 ve\u0161ker\u00e9 \u00fadaje pot\u0159ebn\u00e9 pro \u00fahradu kupn\u00ed ceny po\u017eadovan\u00e9 vstupenky.<\/p>\n\n\n\n<p>3.7 Spole\u010dnost Pra\u017esk\u00e9 jaro neodpov\u00edd\u00e1 za pr\u016fb\u011bh platby v platebn\u00ed br\u00e1n\u011b GoPay.<\/p>\n\n\n\n<p>3.8 Po \u00fahrad\u011b kupn\u00ed ceny e-vstupenky a \u00fasp\u011b\u0161n\u00e9m dokon\u010den\u00ed objedn\u00e1vky bude Z\u00e1kazn\u00edkovi ze syst\u00e9mu Spole\u010dnosti Pra\u017esk\u00e9 jaro zasl\u00e1na emailov\u00e1 zpr\u00e1va tzv. \u201eKone\u010dn\u00e1 rekapitulace\u201c, kter\u00e1 obsahuje \u00fadaje o zakoupen\u00fdch vstupenk\u00e1ch. Tato \u201eKone\u010dn\u00e1 rekapitulace\u201c nenahrazuje b\u011b\u017enou vstupenku nebo e-vstupenku.<\/p>\n\n\n\n<p>3.9 Po proveden\u00ed platby prost\u0159ednictv\u00edm br\u00e1ny GoPay je Z\u00e1kazn\u00edk p\u0159esm\u011brov\u00e1n zp\u011bt na str\u00e1nky Spole\u010dnosti Pra\u017esk\u00e9 jaro, kde zvol\u00ed zp\u016fsob p\u0159evzet\u00ed e-vstupenky. Lze zadat p\u0159evzet\u00ed stejn\u00e9 e-vstupenky ob\u011bma zp\u016fsoby. M\u016f\u017ee zvolit formu zobrazen\u00ed e-vstupenky ve form\u00e1tu PDF a jej\u00ed n\u00e1sledn\u00e9 vyti\u0161t\u011bn\u00ed, anebo po zad\u00e1n\u00ed p\u0159\u00edslu\u0161n\u00fdch \u00fadaj\u016f (jm\u00e9na, p\u0159\u00edjmen\u00ed, telefonn\u00edho \u010d\u00edsla, emailu) zasl\u00e1n\u00ed e-vstupenky na sv\u016fj mobiln\u00ed telefon ve form\u00e1tu SMS.<\/p>\n\n\n\n<p>3.10 V p\u0159\u00edpad\u011b, \u017ee z\u00e1kazn\u00edk opomene zvolit jakoukoliv formu p\u0159evzet\u00ed e-vstupenky a opust\u00ed str\u00e1nku s volbou mo\u017enost\u00ed, je-li registrov\u00e1n, m\u016f\u017ee n\u00e1sledn\u011b e-vstupenku v ti\u0161t\u011bn\u00e9 form\u011b z\u00edskat po op\u011btovn\u00e9m p\u0159ihl\u00e1\u0161en\u00ed do syst\u00e9mu pod stejn\u00fdm u\u017eivatelsk\u00fdm jm\u00e9nem a heslem z p\u0159ehledu sv\u00fdch objedn\u00e1vek. P\u0159i n\u00e1kupu bez registrace je klientovi e-vstupenka zasl\u00e1na na z\u00e1kazn\u00edkem udan\u00fd kontaktn\u00ed e-mailov\u00fd \u00fa\u010det.<\/p>\n\n\n\n<p>3.11 V p\u0159\u00edpad\u011b, \u017ee z\u00e1kazn\u00edk zad\u00e1 chybn\u00e9 \u00fadaje nebo se vyskytnou technick\u00e9 probl\u00e9my na stran\u011b poskytovatele internetov\u00fdch \u010di telekomunika\u010dn\u00edch slu\u017eeb, neru\u010d\u00ed Spole\u010dnost Pra\u017esk\u00e9 jaro za nedoru\u010den\u00ed e-vstupenky ve form\u011b SMS zpr\u00e1vy.<\/p>\n\n\n\n<p>3.12 \u010c\u00edseln\u00e9 \u010d\u00e1rov\u00e9 k\u00f3dy na e-vstupence lze sejmout \u010dtec\u00edm za\u0159\u00edzen\u00edm p\u0159i vstupu do s\u00e1lu pouze jednou, tzn., \u017ee p\u0159i jak\u00e9mkoliv dal\u0161\u00edm p\u0159edlo\u017een\u00ed \u010d\u00edseln\u00e9ho \u010d\u00e1rov\u00e9ho k\u00f3du v podob\u011b ti\u0161t\u011bn\u00e9 nebo SMS v mobiln\u00edm telefonu nebude k takto p\u0159edlo\u017een\u00e9 e-vstupence p\u0159ihl\u00ed\u017eeno a na jejich z\u00e1klad\u011b nebude povolen vstup do s\u00e1lu, a to bez ohledu na to, kdo v\u00fd\u0161e uveden\u00e9 vstupenky p\u0159edlo\u017e\u00ed.<\/p>\n\n\n\n<p>3.13 Spole\u010dnost Pra\u017esk\u00e9 jaro neodpov\u00edd\u00e1 za jak\u00e9koliv obt\u00ed\u017ee zp\u016fsoben\u00e9 neopr\u00e1vn\u011bn\u00fdm pou\u017eit\u00edm nebo zkop\u00edrov\u00e1n\u00edm e-vstupenky. Jej\u00ed pad\u011bl\u00e1n\u00ed je trestn\u00e9. E-vstupenka je neplatn\u00e1, jestli\u017ee z n\u00ed nejsou patrn\u00e9 \u00fadaje pot\u0159ebn\u00e9 pro jej\u00ed kontrolu nebo byla pozm\u011bn\u011bna dodate\u010dn\u00fdmi \u00fapravami.<\/p>\n\n\n\n<p><strong>4. Internetov\u00e1 rezervace vstupenek<\/strong><\/p>\n\n\n\n<p>4.1 Spole\u010dnost Pra\u017esk\u00e9 jaro umo\u017e\u0148uje Z\u00e1kazn\u00edkovi proveden\u00ed internetov\u00e9 rezervace vstupenek na vybran\u00e1 p\u0159edstaven\u00ed dle sv\u00e9ho uv\u00e1\u017een\u00ed.<\/p>\n\n\n\n<p>4.2 V p\u0159\u00edpad\u011b proveden\u00ed internetov\u00e9 rezervace vstupenek Z\u00e1kazn\u00edk vol\u00ed po\u017eadovan\u00e9 p\u0159edstaven\u00ed, jeho \u010das, konkr\u00e9tn\u00ed m\u00edsta v s\u00e1le, kategorii z\u00e1kazn\u00edka, uplatn\u011bn\u00ed slevov\u00e9ho kuponu a zp\u016fsob doru\u010den\u00ed a zaplacen\u00ed vstupenek. V p\u0159\u00edpad\u011b volby p\u0159evzet\u00ed vstupenek na pokladn\u011b lze uplatnit slevov\u00fd kupon pouze v&nbsp;pokladn\u011b Pra\u017esk\u00e9ho jara v Rudolfinu.<\/p>\n\n\n\n<p>4.3 Z\u00e1kazn\u00edk po proveden\u00ed rezervace obdr\u017e\u00ed emailovou zpr\u00e1vu, tzv. \u201eKone\u010dnou rekapitulaci\u201c, kter\u00e1 obsahuje unik\u00e1tn\u00ed \u010d\u00edslo proveden\u00e9 rezervace a v p\u0159\u00edpad\u011b volby p\u0159evzet\u00ed vstupenek na pokladn\u011b je zde nahl\u00e1s\u00ed. Na jej\u00edm z\u00e1klad\u011b obsluha pokladny z\u00e1kazn\u00edkovi prod\u00e1 p\u0159\u00edslu\u0161n\u00e9 rezervovan\u00e9 vstupenky.<\/p>\n\n\n\n<p>4.4 Email \u201eKone\u010dn\u00e1 rekapitulace\u201c, kter\u00fd z\u00e1kazn\u00edk obdr\u017e\u00ed po uzav\u0159en\u00ed internetov\u00e9 rezervace, rovn\u011b\u017e obsahuje informaci o kone\u010dn\u00e9m term\u00ednu k vyzvednut\u00ed vstupenek na pokladn\u011b p\u0159ed za\u010d\u00e1tkem p\u0159edstaven\u00ed. V p\u0159\u00edpad\u011b, \u017ee si z\u00e1kazn\u00edk vstupenky nevyzvedne dle t\u011bchto pokyn\u016f, je Spole\u010dnost Pra\u017esk\u00e9 jaro opr\u00e1vn\u011bna prodat je jin\u00e9mu z\u00e1kazn\u00edkovi<em>.&nbsp;<\/em>Z\u00e1kazn\u00edk, kter\u00fd nevyu\u017eil provedenou rezervaci, jak shora uvedeno ji nem\u016f\u017ee n\u00e1sledn\u011b opakovat.<\/p>\n\n\n\n<p>4.5 Pra\u017esk\u00e9 jaro si vyhrazuje pr\u00e1vo zru\u0161it opakovanou rezervaci &nbsp;vstupenek&nbsp; \/ust.\u010dl.4.4. \/.<\/p>\n\n\n\n<p>4.6 Pra\u017esk\u00e9 jaro si vyhrazuje pr\u00e1vo nab\u00edzet na vybran\u00e9 koncerty vstupenky jen v re\u017eimu p\u0159\u00edm\u00e9ho prodeje tj. bez rezervac\u00ed.<\/p>\n\n\n\n<p>4.7 Spole\u010dnost Pra\u017esk\u00e9 jaro neodpov\u00edd\u00e1 za chybn\u00e9 \u00fadaje zadan\u00e9 z\u00e1kazn\u00edkem p\u0159i uzav\u00edr\u00e1n\u00ed internetov\u00fdch rezervac\u00ed (datum, \u010das, p\u0159edstaven\u00ed, m\u00edsta v s\u00e1le).<\/p>\n\n\n\n<p><strong>5. Hromadn\u00e9 objedn\u00e1vky<\/strong><\/p>\n\n\n\n<p>5.1 Hromadnou objedn\u00e1vkou se rozum\u00ed n\u00e1kup v\u00edce ne\u017e 10 vstupenek na jednu akci.<\/p>\n\n\n\n<p>5.2. Hromadn\u00e9 objedn\u00e1vky nelze realizovat on-line, ale pouze e-mailem na adresu info@enigoo.cz nejpozd\u011bji 2 t\u00fddny p\u0159ed datem kon\u00e1n\u00ed po\u017eadovan\u00e9ho koncertu. P\u00edsemn\u00e9 objedn\u00e1vky jsou z\u00e1vazn\u00e9. Za p\u00edsemnou objedn\u00e1vku se pova\u017euje i objedn\u00e1vka prost\u0159ednictv\u00edm elektronick\u00e9 po\u0161ty (e-mail).<\/p>\n\n\n\n<p>5.3. \u00dahrada vstupenek je mo\u017en\u00e1 pouze bankovn\u00edm p\u0159evodem na z\u00e1klad\u011b z\u00e1lohov\u00e9 faktury se splatnost\u00ed 14 dn\u00ed. Po vystaven\u00ed z\u00e1lohov\u00e9 faktury ji\u017e nelze m\u011bnit po\u010det vstupenek, kategorii vstupenek a term\u00edn koncertu. P\u0159i neuhrazen\u00ed z\u00e1lohov\u00e9 faktury ve stanoven\u00e9 dob\u011b splatnosti se rezervace vstupenek neprodlu\u017euje a automaticky propad\u00e1. P\u0159i form\u011b doru\u010den\u00ed vstupenek po\u0161tou je k cen\u011b vstupenek p\u0159ipo\u010d\u00edt\u00e1n manipula\u010dn\u00ed poplatek za po\u0161tovn\u00e9 a baln\u00e9.<\/p>\n\n\n\n<p>5.4.&nbsp; Spole\u010dnost Pra\u017esk\u00e9 jaro si vyhrazuje pr\u00e1vo limitovat po\u010det zakoupen\u00fdch a rezervovan\u00fdch vstupenek na koncert.<\/p>\n\n\n\n<p>5.5. Nen\u00ed-li v \u010dl. 5 \u201eHromadn\u00e9 objedn\u00e1vky\u201c stanoveno jinak, \u0159\u00edd\u00ed se d\u00e1le vztah mezi Spole\u010dnost\u00ed Pra\u017esk\u00e9 jaro a Z\u00e1kazn\u00edkem ustanoven\u00edmi t\u011bchto V\u0161eobecn\u00fdch obchodn\u00edch podm\u00ednek.<\/p>\n\n\n\n<p><strong>6. Ostatn\u00ed podm\u00ednky<\/strong><\/p>\n\n\n\n<p>6.1 Z\u00e1kazn\u00edk dokl\u00e1d\u00e1 p\u0159i kontrole vstupenek bu\u010f platnou b\u011b\u017enou vstupenku nebo e-vstupenku s \u010d\u00edseln\u00fdm \u010d\u00e1rov\u00fdm k\u00f3dem ve form\u011b SMS v mobiln\u00edm telefonu \u010di ti\u0161t\u011bnou z PDF souboru. Uveden\u00e9 \u010d\u00e1rov\u00e9 k\u00f3dy jsou p\u0159i vstupu zkontrolov\u00e1ny \u010dtec\u00edm za\u0159\u00edzen\u00edm.<\/p>\n\n\n\n<p>6.2 Z\u00e1kazn\u00edk je opr\u00e1vn\u011bn obsadit pouze m\u00edsto ur\u010den\u00e9 vstupenkou. Dostav\u00ed-li se Z\u00e1kazn\u00edk po zah\u00e1jen\u00ed koncertu, je po\u0159adatel opr\u00e1vn\u011bn usadit ho na jin\u00e9 m\u00edsto, ne\u017e na m\u00edsto ur\u010den\u00e9 vstupenkou.<\/p>\n\n\n\n<p>6.3 Platnou vstupenku je Z\u00e1kazn\u00edk povinen m\u00edt k dispozici po celou dobu n\u00e1v\u0161t\u011bvy p\u0159edstaven\u00ed. V p\u0159\u00edpad\u011b ztr\u00e1ty vstupenky kdekoliv v placen\u00e9 z\u00f3n\u011b m\u00edsta kon\u00e1n\u00ed koncertu m\u016f\u017ee b\u00fdt Z\u00e1kazn\u00edk po\u017e\u00e1d\u00e1n o opu\u0161t\u011bn\u00ed prostor bez jak\u00e9koliv n\u00e1hrady.<\/p>\n\n\n\n<p>6.4 Zakoupen\u00edm b\u011b\u017en\u00e9 vstupenky nebo e-vstupenky Z\u00e1kazn\u00edk souhlas\u00ed s dodr\u017eov\u00e1n\u00edm N\u00e1v\u0161t\u011bvn\u00edho a provozn\u00edho \u0159\u00e1du po celou dobu pobytu v m\u00edstech ur\u010den\u00fdch pro provozov\u00e1n\u00ed koncert\u016f, kde je vyv\u011b\u0161en.<\/p>\n\n\n\n<p>6.5. N\u00e1kup a blokace vstupenek za \u00fa\u010delem dal\u0161\u00edho prodeje 3. osob\u00e1m nebo jak\u00fdkoliv jin\u00fd zp\u016fsob p\u0159eprodeje vstupenek Z\u00e1kazn\u00edkem bez p\u00edsemn\u00e9ho souhlasu Spole\u010dnosti Pra\u017esk\u00e9 jaro je striktn\u011b zak\u00e1z\u00e1n.<\/p>\n\n\n\n<p><strong>7. Ochrana osobn\u00edch \u00fadaj\u016f<\/strong><\/p>\n\n\n\n<p>7.1 Z\u00e1kazn\u00edk d\u00e1v\u00e1 n\u00e1kupem e-vstupenky nebo rezervac\u00ed b\u011b\u017en\u00e9 vstupenky p\u0159es internet Spole\u010dnosti Pra\u017esk\u00e9 jaro v souladu se z\u00e1konem \u010d. 101\/2000 Sb., z\u00e1konem \u010d. 40\/1995 Sb. a z\u00e1konem \u010d. 480\/2004 Sb. v platn\u00e9m zn\u011bn\u00ed souhlas se zpracov\u00e1n\u00edm sv\u00fdch osobn\u00edch \u00fadaj\u016f v rozsahu jm\u00e9no, p\u0159\u00edjmen\u00ed, e-mailov\u00e1 adresa, telefon, p\u0159\u00edpadn\u011b dal\u0161\u00edch \u00fadaj\u016f uveden\u00fdch v registra\u010dn\u00edm formul\u00e1\u0159i za \u00fa\u010delem realizace prodeje e-vstupenky nebo realizace rezervace b\u011b\u017en\u00e9 vstupenky prost\u0159ednictv\u00ed internetu, p\u0159\u00edpadn\u011b pro \u00fa\u010dely reklamace nebo informace o zru\u0161en\u00e9m p\u0159edstaven\u00ed po dobu neur\u010ditou. Z\u00e1kazn\u00edk m\u016f\u017ee tento souhlas dodate\u010dn\u011b odvolat p\u00edsemn\u00fdm sd\u011blen\u00edm doru\u010den\u00fdm spole\u010dnosti. &nbsp;Spole\u010dnost Pra\u017esk\u00e9 jaro garantuje, \u017ee uveden\u00e1 osobn\u00ed data jsou pova\u017eov\u00e1na za p\u0159\u00edsn\u011b d\u016fv\u011brn\u00e1. V\u0161echny osobn\u00ed \u00fadaje jsou p\u0159\u00edsn\u011b utajeny, budou u\u017e\u00edv\u00e1ny pouze pro \u00fa\u010dely Spole\u010dnosti Pra\u017esk\u00e9 jaro a budou zpracov\u00e1ny prost\u0159ednictv\u00edm spole\u010dnosti ENIGOO s.r.o. v&nbsp;jejich rezerva\u010dn\u00edm syst\u00e9mu.<\/p>\n\n\n\n<p>7.2 V souladu s \u00a7 5 z\u00e1kona \u010d. 101\/2000 Sb. o ochran\u011b osobn\u00edch \u00fadaj\u016f jsou v\u0161echny \u00fadaje uveden\u00e9 v registra\u010dn\u00edm formul\u00e1\u0159i shroma\u017e\u010fov\u00e1ny a zpracov\u00e1v\u00e1ny v\u00fdhradn\u011b pro \u00fa\u010dely zas\u00edl\u00e1n\u00ed obchodn\u00edch sd\u011blen\u00ed subjektu \u00fadaj\u016f prost\u0159ednictv\u00edm elektronick\u00fdch prost\u0159edk\u016f podle z\u00e1kona \u010d. 480\/2004 Sb., o n\u011bkter\u00fdch slu\u017eb\u00e1ch informa\u010dn\u00ed spole\u010dnosti, a to do doby, kdy subjekt \u00fadaj\u016f p\u0159\u00edmo a \u00fa\u010dinn\u011b za\u0161le spr\u00e1vci informaci o tom, \u017ee si nep\u0159eje, aby mu byly obchodn\u00ed informace spr\u00e1vcem nad\u00e1le zas\u00edl\u00e1ny), maxim\u00e1ln\u011b v\u0161ak na dobu 5 (p\u011bti) let. Sumarizovan\u00e9 \u00fadaje z tohoto formul\u00e1\u0159e mohou b\u00fdt pou\u017eity spr\u00e1vcem pro statistick\u00e9 \u00fa\u010dely, a to pro vnit\u0159n\u00ed pot\u0159ebu Spole\u010dnosti Pra\u017esk\u00e9 jaro.<\/p>\n\n\n\n<p>7.3 \u00dadaje, kter\u00e9 budou slou\u017eit pro \u00fahradu kupn\u00ed ceny e-vstupenek, jsou poskytov\u00e1ny p\u0159\u00edmo spole\u010dnostem provozuj\u00edc\u00edm zabezpe\u010den\u00e9 internetov\u00e9 platebn\u00ed br\u00e1ny a Spole\u010dnost Pra\u017esk\u00e9 jaro nem\u00e1 k t\u011bmto \u00fadaj\u016fm p\u0159\u00edstup. Tyto \u00fadaje jsou chr\u00e1n\u011bny v souladu se v\u0161eobecn\u00fdmi podm\u00ednkami provozovatel\u016f t\u011bchto zabezpe\u010den\u00fdch internetov\u00fdch platebn\u00edch bran.<\/p>\n\n\n\n<p><strong>8. Reklama\u010dn\u00ed podm\u00ednky<\/strong><\/p>\n\n\n\n<p>8.1 Zakoupen\u00e9 vstupenky nelze vracet nebo vym\u011b\u0148ovat.<\/p>\n\n\n\n<p>8.2 Za ztracen\u00e9 vstupenky se neposkytuje n\u00e1hrada.<\/p>\n\n\n\n<p>8.3 V p\u0159\u00edpad\u011b, \u017ee Z\u00e1kazn\u00edkovi bude po proveden\u00ed platby vstupenek pomoc\u00ed platebn\u00ed karty na pokladn\u011b \u010di p\u0159i n\u00e1kupu v internetov\u00e9m obchod\u011b Spole\u010dnosti Pra\u017esk\u00e9 jaro ode\u010dtena z jeho \u00fa\u010dtu \u010d\u00e1stka v nespr\u00e1vn\u00e9 v\u00fd\u0161i, je Z\u00e1kazn\u00edk opr\u00e1vn\u011bn tuto skute\u010dnost reklamovat pouze u banky, kter\u00e1 vydala platebn\u00ed kartu, kterou Z\u00e1kazn\u00edk pou\u017eil k platb\u011b za vstupenky.<\/p>\n\n\n\n<p>8.4 Zm\u011bna programu a \u00fa\u010dinkuj\u00edc\u00edch vyhrazena.<\/p>\n\n\n\n<p>8.5 Dojde-li ke zru\u0161en\u00ed p\u0159edstaven\u00ed, na kter\u00e9 si z\u00e1kazn\u00edk ji\u017e zakoupil b\u011b\u017enou vstupenku nebo e-vstupenku, bude Z\u00e1kazn\u00edkovi vr\u00e1ceno vstupn\u00e9 za t\u011bchto podm\u00ednek:<\/p>\n\n\n\n<ul class=\"wp-block-list\"><li>a) pokud byla vstupenka zakoupena v pokladn\u011b Pra\u017esk\u00e9ho jara \u010di v smluvn\u00edch pokladn\u00e1ch, bude Z\u00e1kazn\u00edkovi vr\u00e1cena zaplacen\u00e1 cena, pokud se bez zbyte\u010dn\u00e9ho odkladu dostav\u00ed do pokladny, kde vstupenku zakoupil. Vztahuje se i na rezervace s&nbsp;platbou v pokladn\u011b u\u010din\u011bn\u00e9 p\u0159es internet.<\/li><li>b) pokud se jedn\u00e1 o e-vstupenku (zakoupenou p\u0159es internet), bude Z\u00e1kazn\u00edkovi vr\u00e1cena zaplacen\u00e1 cena po p\u00edsemn\u00e9m uplatn\u011bn\u00ed reklamace zp\u016fsobem, kter\u00fdm byla e-vstupenka Z\u00e1kazn\u00edkem uhrazena.<\/li><\/ul>\n\n\n\n<p>8.6&nbsp;&nbsp;P\u0159i vracen\u00ed vstupenek a jejich ceny z d\u016fvodu zru\u0161en\u00ed koncertu z p\u0159\u00ed\u010din mimo dosah Pra\u017esk\u00e9ho jara je Pra\u017esk\u00e9 jaro opr\u00e1vn\u011bno pon\u00ed\u017eit vracen\u00e9 vstupn\u00e9 o manipula\u010dn\u00ed poplatek, jeho\u017e v\u00fd\u0161e bude odpov\u00eddat n\u00e1klad\u016fm na distribuci a storno vstupenek (poplatky za bankovn\u00ed transakce, po\u0161tovn\u00e9, baln\u00e9, odm\u011bna prodejce vstupenek, apod.).<\/p>\n\n\n\n<p><strong>9. Z\u00e1v\u011bre\u010dn\u00e1 ustanoven\u00ed<\/strong><\/p>\n\n\n\n<p>9.1 Tyto V\u0161eobecn\u00e9 obchodn\u00ed podm\u00ednky jsou platn\u00e9 pro v\u0161echny obchodn\u00ed p\u0159\u00edpady uzav\u00edran\u00e9 mezi Spole\u010dnost\u00ed Pra\u017esk\u00e9 jaro a Z\u00e1kazn\u00edkem.<\/p>\n\n\n\n<p>9.2 Spole\u010dnost Pra\u017esk\u00e9 jaro si vyhrazuje pr\u00e1vo tyto V\u0161eobecn\u00e9 obchodn\u00ed podm\u00ednky kdykoli zm\u011bnit. Jejich zm\u011bnu a jej\u00ed \u00fa\u010dinnost Spole\u010dnost Pra\u017esk\u00e9 jaro zve\u0159ejn\u00ed vhodn\u00fdm zp\u016fsobem na sv\u00fdch internetov\u00fdch str\u00e1nk\u00e1ch&nbsp;<a href=\"http:\/\/www.festival.cz\/\">www.festival.cz<\/a>&nbsp;a&nbsp;<a href=\"https:\/\/firkusny.cz\/\">www.firkusny.cz<\/a>.<\/p>\n\n\n\n<p>9.3 Tyto V\u0161eobecn\u00e9 obchodn\u00ed podm\u00ednky nabyly \u00fa\u010dinnosti dne 28. kv\u011btna 2020.<\/p>\n<\/div><\/div>\n","protected":false},"excerpt":{"rendered":"<p>V\u0161eobecn\u00e9 obchodn\u00ed podm\u00ednky spole\u010dnosti Pra\u017esk\u00e9 jaro o.p.s. 1. V\u0161eobecn\u00e1 ustanoven\u00ed a vymezen\u00ed pojm\u016f 1.1 \u201eSpole\u010dnost Pra\u017esk\u00e9 jaro, o.p.s.\u201c je obecn\u011b prosp\u011b\u0161nou spole\u010dnost\u00ed se s\u00eddlem v Hellichov\u011b 18, 118 00 Praha&#8230;<\/p>\n","protected":false},"author":1,"featured_media":0,"parent":0,"menu_order":0,"comment_status":"closed","ping_status":"closed","template":"","meta":{"footnotes":""},"class_list":["post-897","page","type-page","status-publish","hentry"],"acf":[],"_links":{"self":[{"href":"https:\/\/firkusny.cz\/en\/wp-json\/wp\/v2\/pages\/897","targetHints":{"allow":["GET"]}}],"collection":[{"href":"https:\/\/firkusny.cz\/en\/wp-json\/wp\/v2\/pages"}],"about":[{"href":"https:\/\/firkusny.cz\/en\/wp-json\/wp\/v2\/types\/page"}],"author":[{"embeddable":true,"href":"https:\/\/firkusny.cz\/en\/wp-json\/wp\/v2\/users\/1"}],"replies":[{"embeddable":true,"href":"https:\/\/firkusny.cz\/en\/wp-json\/wp\/v2\/comments?post=897"}],"version-history":[{"count":4,"href":"https:\/\/firkusny.cz\/en\/wp-json\/wp\/v2\/pages\/897\/revisions"}],"predecessor-version":[{"id":2297,"href":"https:\/\/firkusny.cz\/en\/wp-json\/wp\/v2\/pages\/897\/revisions\/2297"}],"wp:attachment":[{"href":"https:\/\/firkusny.cz\/en\/wp-json\/wp\/v2\/media?parent=897"}],"curies":[{"name":"wp","href":"https:\/\/api.w.org\/{rel}","templated":true}]}}